{"id":1571,"date":"2023-11-19T17:19:08","date_gmt":"2023-11-19T16:19:08","guid":{"rendered":"https:\/\/www.parisrivercruise.fr\/?page_id=1571"},"modified":"2025-12-12T22:03:47","modified_gmt":"2025-12-12T21:03:47","slug":"mandatory-informations","status":"publish","type":"page","link":"https:\/\/www.parisrivercruise.fr\/index.php\/mandatory-informations\/","title":{"rendered":"Legals informations"},"content":{"rendered":"\t\t<div data-elementor-type=\"wp-page\" data-elementor-id=\"1571\" class=\"elementor elementor-1571\">\n\t\t\t\t<div class=\"elementor-element elementor-element-fa510af e-flex e-con-boxed e-con e-parent\" data-id=\"fa510af\" data-element_type=\"container\" data-e-type=\"container\">\n\t\t\t\t\t<div class=\"e-con-inner\">\n\t\t\t\t<div class=\"elementor-element elementor-element-95b066f elementor-widget elementor-widget-text-editor\" data-id=\"95b066f\" data-element_type=\"widget\" data-e-type=\"widget\" data-widget_type=\"text-editor.default\">\n\t\t\t\t<div class=\"elementor-widget-container\">\n\t\t\t\t\t\t\t\t\t<h1>Legals Informations<\/h1><p style=\"font-family: Georgia, sans-serif; font-size: 14px;\">Company name: PARIS RIVER CRUISE<\/p><p style=\"font-family: Georgia, sans-serif; font-size: 14px;\">Legal form of the company: SAS<\/p><p style=\"font-family: Georgia, sans-serif; font-size: 14px;\">Siren: 903 450 161\u00a0\u00a0<\/p><p style=\"font-family: Georgia, sans-serif; font-size: 14px;\">Liste des marques d\u00e9pos\u00e9es\u00a0 INPI :<\/p><pre class=\"tw-data-text tw-text-large tw-ta\" dir=\"ltr\" tabindex=\"-1\" role=\"text\" data-placeholder=\"Traduction\" data-ved=\"2ahUKEwjUisi8yY2RAxU2RaQEHQ-qIaEQ3ewLegQICxAV\" aria-label=\"Texte traduit\u00a0: The manager is the owner of the registered trademarks:\"><span class=\"Y2IQFc\" lang=\"en\">List of registered trademarks:<\/span><\/pre><p style=\"font-family: Georgia, sans-serif; font-size: 14px;\"><strong>\u00a9PARISRIVERCRUISE\u00a0<\/strong><\/p><p style=\"font-family: Georgia, sans-serif; font-size: 14px;\"><strong>\u00a9PARISPRIVATECRUISE<\/strong><\/p><p style=\"font-family: Georgia, sans-serif; font-size: 14px;\"><strong>\u00a9SUPEXPERIENCE<\/strong><\/p><p style=\"font-family: Georgia, sans-serif; font-size: 14px;\">Contact: <strong>parisrivercruise@gmail.com<\/strong><\/p>\t\t\t\t\t\t\t\t<\/div>\n\t\t\t\t<\/div>\n\t\t\t\t\t<\/div>\n\t\t\t\t<\/div>\n\t\t<div class=\"elementor-element elementor-element-a7a3e93 e-flex e-con-boxed e-con e-parent\" data-id=\"a7a3e93\" data-element_type=\"container\" data-e-type=\"container\">\n\t\t\t\t\t<div class=\"e-con-inner\">\n\t\t\t\t<div class=\"elementor-element elementor-element-8b16b6e elementor-widget elementor-widget-text-editor\" data-id=\"8b16b6e\" data-element_type=\"widget\" data-e-type=\"widget\" data-widget_type=\"text-editor.default\">\n\t\t\t\t<div class=\"elementor-widget-container\">\n\t\t\t\t\t\t\t\t\t<h1>Utilisation interdite<\/h1><p style=\"font-family: Georgia, sans-serif; font-size: 14px;\">L\u2019ensemble des contenus \u00e9dit\u00e9s sur le site<\/p><p style=\"font-family: Georgia, sans-serif; font-size: 14px;\">est la propri\u00e9t\u00e9 exclusive de la soci\u00e9t\u00e9 <strong>Paris River Cruise<\/strong> exploit\u00e9e par <strong>M Alexis BLAS<\/strong> ou de tiers dont il a \u00e9t\u00e9 obtenu les droits d\u2019exploitation. En cons\u00e9quence, toute repr\u00e9sentation ou reproduction int\u00e9grale ou partielle, faite sans consentement de l\u2019auteur ou de ses ayants droit, est illicite (art. L 122-4 du CPI). Toute les utilisations telles que d\u00e9crites ci-dessous devront faire l\u2019objet d\u2019une autorisation pr\u00e9alable \u00e9crite. \u2013 extraction, manipulation, modification des contenus de quelle que fa\u00e7on que cela soit \u2013 diffusion, radiodiffusion, exposition, repr\u00e9sentation publique de contenus<\/p><p style=\"font-family: Georgia, sans-serif; font-size: 14px;\">\u2013 stockage de contenus sur quel que support que cela soit, incluant l\u2019extraction de base de donn\u00e9e, de programme informatique ou du site \u2013 location ou pr\u00eat de contenu \u2013 exploitation ou publication commerciale de contenus de quelque fa\u00e7on que cela soit.<\/p><div><div dir=\"auto\"><strong>Prohibited Use<\/strong><\/div><div dir=\"auto\">\u00a0<\/div><div dir=\"auto\">All content published on the website.<\/div><\/div><div>\u00a0<\/div><div><div dir=\"auto\">is the exclusive property of Paris River Cruise, operated by Mr. Alexis BLAS, or of third parties who have granted rights of use.<\/div><div dir=\"auto\">\u00a0<\/div><div dir=\"auto\">Consequently, any full or partial reproduction or representation made without the express consent of the author or their rights holders constitutes an infringement under Article L122-4 of the French Intellectual Property Code.<\/div><div dir=\"auto\">\u00a0<\/div><div dir=\"auto\">The following uses require prior written authorization:Extraction, alteration, or modification of content in any manner.Distribution, broadcasting, public exhibition, or public performance of content.<\/div><div dir=\"auto\">Storage of content on any medium, including extraction of databases, software, or website data.Rental or lending of content.Commercial exploitation or publication of content in any form whatsoever.<\/div><\/div><div dir=\"auto\">\u00a0<\/div>\t\t\t\t\t\t\t\t<\/div>\n\t\t\t\t<\/div>\n\t\t\t\t\t<\/div>\n\t\t\t\t<\/div>\n\t\t\t\t<\/div>\n\t\t","protected":false},"excerpt":{"rendered":"<p>Legals Informations Company name: PARIS RIVER CRUISE Legal form of the company: SAS Siren: 903 450 161\u00a0\u00a0 Liste des marques d\u00e9pos\u00e9es\u00a0 INPI : List of registered trademarks: \u00a9PARISRIVERCRUISE\u00a0 \u00a9PARISPRIVATECRUISE \u00a9SUPEXPERIENCE Contact: parisrivercruise@gmail.com Utilisation interdite L\u2019ensemble des contenus \u00e9dit\u00e9s sur le site est la propri\u00e9t\u00e9 exclusive de la soci\u00e9t\u00e9 Paris River Cruise exploit\u00e9e par M Alexis [&hellip;]<\/p>\n","protected":false},"author":1,"featured_media":0,"parent":0,"menu_order":0,"comment_status":"closed","ping_status":"closed","template":"","meta":{"footnotes":""},"class_list":["post-1571","page","type-page","status-publish","hentry"],"yoast_head":"<!-- This site is optimized with the Yoast SEO plugin v27.3 - https:\/\/yoast.com\/product\/yoast-seo-wordpress\/ -->\n<title>Legals informations - Paris River Cruise<\/title>\n<meta name=\"description\" content=\"Prepare your cruise. After booking your will receive a confirmation\" \/>\n<meta name=\"robots\" content=\"index, follow, max-snippet:-1, max-image-preview:large, max-video-preview:-1\" \/>\n<link rel=\"canonical\" href=\"https:\/\/www.parisrivercruise.fr\/index.php\/mandatory-informations\/\" \/>\n<meta property=\"og:locale\" content=\"fr_FR\" \/>\n<meta property=\"og:type\" content=\"article\" \/>\n<meta property=\"og:title\" content=\"Legals informations - Paris River Cruise\" \/>\n<meta property=\"og:description\" content=\"Prepare your cruise. After booking your will receive a confirmation\" \/>\n<meta property=\"og:url\" content=\"https:\/\/www.parisrivercruise.fr\/index.php\/mandatory-informations\/\" \/>\n<meta property=\"og:site_name\" content=\"Paris River Cruise\" \/>\n<meta property=\"article:modified_time\" content=\"2025-12-12T21:03:47+00:00\" \/>\n<meta property=\"og:image\" content=\"https:\/\/www.parisrivercruise.fr\/wp-content\/uploads\/2023\/12\/OKYOAST.jpg\" \/>\n\t<meta property=\"og:image:width\" content=\"1015\" \/>\n\t<meta property=\"og:image:height\" content=\"675\" \/>\n\t<meta property=\"og:image:type\" content=\"image\/jpeg\" \/>\n<meta name=\"twitter:card\" content=\"summary_large_image\" \/>\n<meta name=\"twitter:label1\" content=\"Dur\u00e9e de lecture estim\u00e9e\" \/>\n\t<meta name=\"twitter:data1\" content=\"1 minute\" \/>\n<script type=\"application\/ld+json\" class=\"yoast-schema-graph\">{\"@context\":\"https:\\\/\\\/schema.org\",\"@graph\":[{\"@type\":\"WebPage\",\"@id\":\"https:\\\/\\\/www.parisrivercruise.fr\\\/index.php\\\/mandatory-informations\\\/\",\"url\":\"https:\\\/\\\/www.parisrivercruise.fr\\\/index.php\\\/mandatory-informations\\\/\",\"name\":\"Legals informations - Paris River Cruise\",\"isPartOf\":{\"@id\":\"https:\\\/\\\/www.parisrivercruise.fr\\\/#website\"},\"datePublished\":\"2023-11-19T16:19:08+00:00\",\"dateModified\":\"2025-12-12T21:03:47+00:00\",\"description\":\"Prepare your cruise. After booking your will receive a confirmation\",\"breadcrumb\":{\"@id\":\"https:\\\/\\\/www.parisrivercruise.fr\\\/index.php\\\/mandatory-informations\\\/#breadcrumb\"},\"inLanguage\":\"fr-FR\",\"potentialAction\":[{\"@type\":\"ReadAction\",\"target\":[\"https:\\\/\\\/www.parisrivercruise.fr\\\/index.php\\\/mandatory-informations\\\/\"]}]},{\"@type\":\"BreadcrumbList\",\"@id\":\"https:\\\/\\\/www.parisrivercruise.fr\\\/index.php\\\/mandatory-informations\\\/#breadcrumb\",\"itemListElement\":[{\"@type\":\"ListItem\",\"position\":1,\"name\":\"Accueil\",\"item\":\"https:\\\/\\\/www.parisrivercruise.fr\\\/\"},{\"@type\":\"ListItem\",\"position\":2,\"name\":\"Legals informations\"}]},{\"@type\":\"WebSite\",\"@id\":\"https:\\\/\\\/www.parisrivercruise.fr\\\/#website\",\"url\":\"https:\\\/\\\/www.parisrivercruise.fr\\\/\",\"name\":\"Paris River Cruise\",\"description\":\"Paris Private Cruise\",\"publisher\":{\"@id\":\"https:\\\/\\\/www.parisrivercruise.fr\\\/#organization\"},\"potentialAction\":[{\"@type\":\"SearchAction\",\"target\":{\"@type\":\"EntryPoint\",\"urlTemplate\":\"https:\\\/\\\/www.parisrivercruise.fr\\\/?s={search_term_string}\"},\"query-input\":{\"@type\":\"PropertyValueSpecification\",\"valueRequired\":true,\"valueName\":\"search_term_string\"}}],\"inLanguage\":\"fr-FR\"},{\"@type\":\"Organization\",\"@id\":\"https:\\\/\\\/www.parisrivercruise.fr\\\/#organization\",\"name\":\"Paris River Cruise\",\"url\":\"https:\\\/\\\/www.parisrivercruise.fr\\\/\",\"logo\":{\"@type\":\"ImageObject\",\"inLanguage\":\"fr-FR\",\"@id\":\"https:\\\/\\\/www.parisrivercruise.fr\\\/#\\\/schema\\\/logo\\\/image\\\/\",\"url\":\"https:\\\/\\\/www.parisrivercruise.fr\\\/wp-content\\\/uploads\\\/2025\\\/08\\\/kkkkkkkkkkkkk-scaled.jpg\",\"contentUrl\":\"https:\\\/\\\/www.parisrivercruise.fr\\\/wp-content\\\/uploads\\\/2025\\\/08\\\/kkkkkkkkkkkkk-scaled.jpg\",\"width\":2560,\"height\":1855,\"caption\":\"Paris River Cruise\"},\"image\":{\"@id\":\"https:\\\/\\\/www.parisrivercruise.fr\\\/#\\\/schema\\\/logo\\\/image\\\/\"}}]}<\/script>\n<!-- \/ Yoast SEO plugin. -->","yoast_head_json":{"title":"Legals informations - Paris River Cruise","description":"Prepare your cruise. After booking your will receive a confirmation","robots":{"index":"index","follow":"follow","max-snippet":"max-snippet:-1","max-image-preview":"max-image-preview:large","max-video-preview":"max-video-preview:-1"},"canonical":"https:\/\/www.parisrivercruise.fr\/index.php\/mandatory-informations\/","og_locale":"fr_FR","og_type":"article","og_title":"Legals informations - Paris River Cruise","og_description":"Prepare your cruise. After booking your will receive a confirmation","og_url":"https:\/\/www.parisrivercruise.fr\/index.php\/mandatory-informations\/","og_site_name":"Paris River Cruise","article_modified_time":"2025-12-12T21:03:47+00:00","og_image":[{"width":1015,"height":675,"url":"https:\/\/www.parisrivercruise.fr\/wp-content\/uploads\/2023\/12\/OKYOAST.jpg","type":"image\/jpeg"}],"twitter_card":"summary_large_image","twitter_misc":{"Dur\u00e9e de lecture estim\u00e9e":"1 minute"},"schema":{"@context":"https:\/\/schema.org","@graph":[{"@type":"WebPage","@id":"https:\/\/www.parisrivercruise.fr\/index.php\/mandatory-informations\/","url":"https:\/\/www.parisrivercruise.fr\/index.php\/mandatory-informations\/","name":"Legals informations - Paris River Cruise","isPartOf":{"@id":"https:\/\/www.parisrivercruise.fr\/#website"},"datePublished":"2023-11-19T16:19:08+00:00","dateModified":"2025-12-12T21:03:47+00:00","description":"Prepare your cruise. After booking your will receive a confirmation","breadcrumb":{"@id":"https:\/\/www.parisrivercruise.fr\/index.php\/mandatory-informations\/#breadcrumb"},"inLanguage":"fr-FR","potentialAction":[{"@type":"ReadAction","target":["https:\/\/www.parisrivercruise.fr\/index.php\/mandatory-informations\/"]}]},{"@type":"BreadcrumbList","@id":"https:\/\/www.parisrivercruise.fr\/index.php\/mandatory-informations\/#breadcrumb","itemListElement":[{"@type":"ListItem","position":1,"name":"Accueil","item":"https:\/\/www.parisrivercruise.fr\/"},{"@type":"ListItem","position":2,"name":"Legals informations"}]},{"@type":"WebSite","@id":"https:\/\/www.parisrivercruise.fr\/#website","url":"https:\/\/www.parisrivercruise.fr\/","name":"Paris River Cruise","description":"Paris Private Cruise","publisher":{"@id":"https:\/\/www.parisrivercruise.fr\/#organization"},"potentialAction":[{"@type":"SearchAction","target":{"@type":"EntryPoint","urlTemplate":"https:\/\/www.parisrivercruise.fr\/?s={search_term_string}"},"query-input":{"@type":"PropertyValueSpecification","valueRequired":true,"valueName":"search_term_string"}}],"inLanguage":"fr-FR"},{"@type":"Organization","@id":"https:\/\/www.parisrivercruise.fr\/#organization","name":"Paris River Cruise","url":"https:\/\/www.parisrivercruise.fr\/","logo":{"@type":"ImageObject","inLanguage":"fr-FR","@id":"https:\/\/www.parisrivercruise.fr\/#\/schema\/logo\/image\/","url":"https:\/\/www.parisrivercruise.fr\/wp-content\/uploads\/2025\/08\/kkkkkkkkkkkkk-scaled.jpg","contentUrl":"https:\/\/www.parisrivercruise.fr\/wp-content\/uploads\/2025\/08\/kkkkkkkkkkkkk-scaled.jpg","width":2560,"height":1855,"caption":"Paris River Cruise"},"image":{"@id":"https:\/\/www.parisrivercruise.fr\/#\/schema\/logo\/image\/"}}]}},"_links":{"self":[{"href":"https:\/\/www.parisrivercruise.fr\/index.php\/wp-json\/wp\/v2\/pages\/1571","targetHints":{"allow":["GET"]}}],"collection":[{"href":"https:\/\/www.parisrivercruise.fr\/index.php\/wp-json\/wp\/v2\/pages"}],"about":[{"href":"https:\/\/www.parisrivercruise.fr\/index.php\/wp-json\/wp\/v2\/types\/page"}],"author":[{"embeddable":true,"href":"https:\/\/www.parisrivercruise.fr\/index.php\/wp-json\/wp\/v2\/users\/1"}],"replies":[{"embeddable":true,"href":"https:\/\/www.parisrivercruise.fr\/index.php\/wp-json\/wp\/v2\/comments?post=1571"}],"version-history":[{"count":78,"href":"https:\/\/www.parisrivercruise.fr\/index.php\/wp-json\/wp\/v2\/pages\/1571\/revisions"}],"predecessor-version":[{"id":3068,"href":"https:\/\/www.parisrivercruise.fr\/index.php\/wp-json\/wp\/v2\/pages\/1571\/revisions\/3068"}],"wp:attachment":[{"href":"https:\/\/www.parisrivercruise.fr\/index.php\/wp-json\/wp\/v2\/media?parent=1571"}],"curies":[{"name":"wp","href":"https:\/\/api.w.org\/{rel}","templated":true}]}}